{"id":2175,"date":"2024-04-23T14:15:11","date_gmt":"2024-04-23T14:15:11","guid":{"rendered":"https:\/\/relaunch.euroclust.com\/prodotti\/ont-kits\/"},"modified":"2025-04-10T18:20:55","modified_gmt":"2025-04-10T18:20:55","slug":"ont-kits","status":"publish","type":"page","link":"https:\/\/relaunch.euroclust.com\/it\/prodotti\/ont-kits\/","title":{"rendered":"ONT Kits"},"content":{"rendered":"<p>[et_pb_section fb_built=&#8221;1&#8243; _builder_version=&#8221;4.24.2&#8243; background_image=&#8221;https:\/\/relaunch.euroclust.com\/wp-content\/uploads\/2024\/03\/products.jpg&#8221; background_size=&#8221;stretch&#8221; min_height=&#8221;500px&#8221; custom_padding=&#8221;67px|0px|67.1875px|0px|false|false&#8221; animation_style=&#8221;zoom&#8221; animation_intensity_zoom=&#8221;4%&#8221; global_colors_info=&#8221;{}&#8221;][et_pb_row _builder_version=&#8221;4.24.2&#8243; background_color=&#8221;rgba(255,255,255,0.69)&#8221; background_size=&#8221;initial&#8221; background_position=&#8221;top_left&#8221; background_repeat=&#8221;repeat&#8221; width=&#8221;70%&#8221; max_width=&#8221;580px&#8221; module_alignment=&#8221;left&#8221; height=&#8221;130px&#8221; custom_margin=&#8221;0px|0px|0px|0px|true|true&#8221; custom_padding=&#8221;35px|35px|35px|0px|true|false&#8221; animation_style=&#8221;slide&#8221; animation_direction=&#8221;top&#8221; animation_intensity_slide=&#8221;3%&#8221; border_radii=&#8221;off||50px|50px|&#8221; box_shadow_style=&#8221;preset3&#8243; box_shadow_color=&#8221;rgba(0,0,0,0.7)&#8221; global_colors_info=&#8221;{}&#8221;][et_pb_column type=&#8221;4_4&#8243; _builder_version=&#8221;4.16&#8243; custom_padding=&#8221;|||&#8221; global_colors_info=&#8221;{}&#8221; custom_padding__hover=&#8221;|||&#8221;][et_pb_heading title=&#8221;prodotti&#8221; _builder_version=&#8221;4.24.2&#8243; _module_preset=&#8221;default&#8221; title_font=&#8221;|600||on|||||&#8221; title_text_align=&#8221;right&#8221; title_text_color=&#8221;#313479&#8243; title_font_size=&#8221;50px&#8221; width=&#8221;100%&#8221; custom_margin=&#8221;0px|0px|0px|0px|true|true&#8221; custom_padding=&#8221;0px|0px|0px|0px|true|true&#8221; global_colors_info=&#8221;{}&#8221;][\/et_pb_heading][et_pb_divider show_divider=&#8221;off&#8221; disabled_on=&#8221;on|on|off&#8221; _builder_version=&#8221;4.16&#8243; max_width=&#8221;120px&#8221; animation_style=&#8221;slide&#8221; animation_direction=&#8221;top&#8221; animation_intensity_slide=&#8221;30%&#8221; global_colors_info=&#8221;{}&#8221;][\/et_pb_divider][\/et_pb_column][\/et_pb_row][\/et_pb_section][et_pb_section fb_built=&#8221;1&#8243; _builder_version=&#8221;4.24.2&#8243; _module_preset=&#8221;default&#8221; background_image=&#8221;https:\/\/relaunch.euroclust.com\/wp-content\/uploads\/2024\/03\/Content-BG-slider-2.png&#8221; background_size=&#8221;contain&#8221; background_position=&#8221;top_left&#8221; height=&#8221;190px&#8221; custom_margin=&#8221;-110px|0px|0px|0px|false|true&#8221; custom_margin_tablet=&#8221;-75px||||false|true&#8221; custom_margin_phone=&#8221;-25px||||false|true&#8221; custom_margin_last_edited=&#8221;on|phone&#8221; custom_padding=&#8221;0px|0px|0px|0px|true|true&#8221; global_colors_info=&#8221;{}&#8221;][\/et_pb_section][et_pb_section fb_built=&#8221;1&#8243; _builder_version=&#8221;4.24.2&#8243; _module_preset=&#8221;default&#8221; global_colors_info=&#8221;{}&#8221;][et_pb_row _builder_version=&#8221;4.24.2&#8243; _module_preset=&#8221;default&#8221; border_radii=&#8221;on|20px|20px|20px|20px&#8221; box_shadow_style=&#8221;preset3&#8243; global_colors_info=&#8221;{}&#8221;][et_pb_column type=&#8221;4_4&#8243; _builder_version=&#8221;4.24.2&#8243; _module_preset=&#8221;default&#8221; global_colors_info=&#8221;{}&#8221;][dsm_breadcrumbs align=&#8221;center&#8221; items_bg_color=&#8221;RGBA(255,255,255,0)&#8221; _builder_version=&#8221;4.24.2&#8243; _module_preset=&#8221;default&#8221; items_text_color=&#8221;#313479&#8243; home_icon_text_color=&#8221;#DC4035&#8243; separators_text_color=&#8221;#DC4035&#8243; global_colors_info=&#8221;{}&#8221;][\/dsm_breadcrumbs][\/et_pb_column][\/et_pb_row][\/et_pb_section][et_pb_section fb_built=&#8221;1&#8243; _builder_version=&#8221;4.24.2&#8243; _module_preset=&#8221;default&#8221; custom_padding=&#8221;||70px||false|false&#8221; global_colors_info=&#8221;{}&#8221;][et_pb_row _builder_version=&#8221;4.24.2&#8243; _module_preset=&#8221;default&#8221; global_colors_info=&#8221;{}&#8221;][et_pb_column type=&#8221;4_4&#8243; _builder_version=&#8221;4.24.2&#8243; _module_preset=&#8221;default&#8221; global_colors_info=&#8221;{}&#8221;][et_pb_heading title=&#8221;ONT Kits&#8221; _builder_version=&#8221;4.25.0&#8243; _module_preset=&#8221;default&#8221; title_level=&#8221;h2&#8243; title_font=&#8221;|600||on|||||&#8221; title_text_align=&#8221;center&#8221; title_font_size=&#8221;39px&#8221; global_colors_info=&#8221;{}&#8221;][\/et_pb_heading][et_pb_text _builder_version=&#8221;4.25.0&#8243; _module_preset=&#8221;default&#8221; global_colors_info=&#8221;{}&#8221;]<\/p>\n<p><span>Configura il prodotto per il tuo progetto FTTH. Seleziona la scatola a muro, la quantit\u00e0 di cavi, gli adattatori, la struttura e la lunghezza del cavo. \u00c8 possibile anche la terminazione su entrambi i lati.   Adattatori con protezione antipolvere e laser di serie. Possibilit\u00e0 di installazione su piastra di montaggio e guida DIN. Predisposizione per l&#8217;installazione anche da parte dell&#8217;utente finale. Imballaggio robusto con meccanismo di estrazione ottimizzato. Video guida all&#8217;installazione. Soluzione OEM con marchio individuale del prodotto e video di installazione.     <\/span><\/p>\n<p>[\/et_pb_text][\/et_pb_column][\/et_pb_row][\/et_pb_section][et_pb_section fb_built=&#8221;1&#8243; _builder_version=&#8221;4.24.2&#8243; _module_preset=&#8221;default&#8221; background_color=&#8221;#313479&#8243; global_colors_info=&#8221;{}&#8221;][et_pb_row _builder_version=&#8221;4.24.2&#8243; _module_preset=&#8221;default&#8221; global_colors_info=&#8221;{}&#8221;][et_pb_column type=&#8221;4_4&#8243; _builder_version=&#8221;4.24.2&#8243; _module_preset=&#8221;default&#8221; global_colors_info=&#8221;{}&#8221;][et_pb_image src=&#8221;https:\/\/relaunch.euroclust.com\/wp-content\/uploads\/2024\/05\/ONT-Kit-Capture.jpg&#8221; title_text=&#8221;ONT-Kit-Capture&#8221; align=&#8221;center&#8221; _builder_version=&#8221;4.25.0&#8243; _module_preset=&#8221;default&#8221; border_radii=&#8221;on|20px|20px|20px|20px&#8221; global_colors_info=&#8221;{}&#8221;][\/et_pb_image][\/et_pb_column][\/et_pb_row][\/et_pb_section][et_pb_section fb_built=&#8221;1&#8243; _builder_version=&#8221;4.24.2&#8243; _module_preset=&#8221;default&#8221; custom_padding=&#8221;100px||100px||true|false&#8221; custom_css_main_element=&#8221;display: flex;||flex-wrap: wrap;||justify-content: center;&#8221; locked=&#8221;off&#8221; global_colors_info=&#8221;{}&#8221;][et_pb_row column_structure=&#8221;1_2,1_2&#8243; make_equal=&#8221;on&#8221; _builder_version=&#8221;4.25.0&#8243; _module_preset=&#8221;default&#8221; background_color=&#8221;RGBA(255,255,255,0)&#8221; width=&#8221;800px&#8221; width_tablet=&#8221;80%&#8221; width_phone=&#8221;80%&#8221; width_last_edited=&#8221;on|phone&#8221; max_width=&#8221;800px&#8221; custom_margin=&#8221;0px|0px|0px|0px|true|true&#8221; custom_padding=&#8221;0px|0px|0px|0px|true|true&#8221; custom_css_main_element=&#8221;display: flex;||flex-wrap: wrap;||justify-content: center;&#8221; global_colors_info=&#8221;{}&#8221; custom_css_main_element_last_edited=&#8221;on|desktop&#8221; custom_css_main_element_tablet=&#8221;display: flex;||flex-wrap: wrap;||justify-content: center;&#8221; custom_css_main_element_phone=&#8221;display: flex;||flex-wrap: wrap;||justify-content: center;&#8221;][et_pb_column type=&#8221;1_2&#8243; _builder_version=&#8221;4.25.0&#8243; _module_preset=&#8221;default&#8221; global_colors_info=&#8221;{}&#8221;][dsm_card title=&#8221;Video&#8221; image=&#8221;https:\/\/relaunch.euroclust.com\/wp-content\/uploads\/2024\/04\/ontkit-video.png&#8221; image_background_animation=&#8221;zoom_in&#8221; image_alignment=&#8221;center&#8221; content_padding=&#8221;20px|20px|20px|20px|false|false&#8221; button_text=&#8221;vista&#8221; button_url=&#8221;https:\/\/www.youtube.com\/watch?v=GoK_B8Ce1-w&#8221; button_url_new_window=&#8221;on&#8221; _builder_version=&#8221;4.25.0&#8243; _module_preset=&#8221;default&#8221; header_text_color=&#8221;#FFFFFF&#8221; header_font_size=&#8221;22px&#8221; background_color=&#8221;#313479&#8243; custom_button=&#8221;on&#8221; button_text_size=&#8221;13px&#8221; button_text_color=&#8221;#FFFFFF&#8221; button_bg_color=&#8221;#DC4035&#8243; button_border_width=&#8221;2px&#8221; button_letter_spacing=&#8221;2px&#8221; button_font=&#8221;|||on|||||&#8221; button_custom_padding=&#8221;10px|25px|10px|25px|true|true&#8221; custom_padding=&#8221;0px|0px|0px|0px|true|true&#8221; border_width_all=&#8221;1px&#8221; border_color_all_image=&#8221;#FFFFFF&#8221; border_width_all_badge=&#8221;0px&#8221; box_shadow_style=&#8221;preset3&#8243; box_shadow_style_image=&#8221;preset6&#8243; global_colors_info=&#8221;{}&#8221; custom_css_main_element_last_edited=&#8221;on|desktop&#8221;][\/dsm_card][\/et_pb_column][et_pb_column type=&#8221;1_2&#8243; _builder_version=&#8221;4.25.0&#8243; _module_preset=&#8221;default&#8221; global_colors_info=&#8221;{}&#8221;][dsm_card title=&#8221;Scheda tecnica&#8221; image=&#8221;https:\/\/relaunch.euroclust.com\/wp-content\/uploads\/2024\/05\/ont-kit3.png&#8221; image_background_position=&#8221;top&#8221; image_background_animation=&#8221;zoom_in&#8221; image_alignment=&#8221;center&#8221; content_padding=&#8221;20px|20px|20px|20px|false|false&#8221; button_text=&#8221;Scarica&#8221; button_url=&#8221;@ET-DC@eyJkeW5hbWljIjp0cnVlLCJjb250ZW50IjoicG9zdF9saW5rX3VybF9hdHRhY2htZW50Iiwic2V0dGluZ3MiOnsicG9zdF9pZCI6Ijk4OCIsImVuYWJsZV9odG1sIjoib2ZmIn19@&#8221; button_url_new_window=&#8221;on&#8221; _builder_version=&#8221;4.25.0&#8243; _dynamic_attributes=&#8221;button_url&#8221; _module_preset=&#8221;default&#8221; header_text_color=&#8221;#FFFFFF&#8221; header_font_size=&#8221;22px&#8221; background_color=&#8221;#313479&#8243; custom_button=&#8221;on&#8221; button_text_size=&#8221;13px&#8221; button_text_color=&#8221;#FFFFFF&#8221; button_bg_color=&#8221;#DC4035&#8243; button_border_width=&#8221;2px&#8221; button_letter_spacing=&#8221;2px&#8221; button_font=&#8221;|||on|||||&#8221; button_custom_padding=&#8221;10px|25px|10px|25px|true|true&#8221; custom_padding=&#8221;0px|0px|0px|0px|true|true&#8221; hover_enabled=&#8221;0&#8243; border_width_all=&#8221;1px&#8221; border_color_all_image=&#8221;#FFFFFF&#8221; border_width_all_badge=&#8221;0px&#8221; box_shadow_style=&#8221;preset3&#8243; box_shadow_style_image=&#8221;preset6&#8243; global_colors_info=&#8221;{}&#8221; sticky_enabled=&#8221;0&#8243;][\/dsm_card][\/et_pb_column][\/et_pb_row][\/et_pb_section][et_pb_section fb_built=&#8221;1&#8243; _builder_version=&#8221;4.24.2&#8243; _module_preset=&#8221;default&#8221; custom_margin=&#8221;0px|0px|0px|0px|true|true&#8221; custom_padding=&#8221;0px||80px||false|false&#8221; custom_css_main_element=&#8221;display: flex;||flex-wrap: wrap;||justify-content: center;&#8221; global_colors_info=&#8221;{}&#8221; custom_css_main_element_last_edited=&#8221;on|tablet&#8221; custom_css_main_element_tablet=&#8221;display: flex;||flex-wrap: wrap;||justify-content: center;&#8221; custom_css_main_element_phone=&#8221;display: flex;||flex-wrap: wrap;||justify-content: center;&#8221;][et_pb_row use_custom_gutter=&#8221;on&#8221; gutter_width=&#8221;1&#8243; _builder_version=&#8221;4.24.2&#8243; _module_preset=&#8221;default&#8221; background_image=&#8221;https:\/\/relaunch.euroclust.com\/wp-content\/uploads\/2024\/03\/line-right-top.png&#8221; background_size=&#8221;contain&#8221; background_position=&#8221;top_right&#8221; custom_margin=&#8221;0px|0px|0px|0px|true|true&#8221; custom_padding=&#8221;0px|0px|0px|0px|true|true&#8221; custom_css_main_element=&#8221;width:80%!important;||order: 2;&#8221; global_colors_info=&#8221;{}&#8221; custom_css_main_element_last_edited=&#8221;on|tablet&#8221; custom_css_main_element_tablet=&#8221;width:100%!important;||order: 2;&#8221; custom_css_main_element_phone=&#8221;width:100%!important;||order: 2;&#8221;][et_pb_column type=&#8221;4_4&#8243; _builder_version=&#8221;4.24.2&#8243; _module_preset=&#8221;default&#8221; global_colors_info=&#8221;{}&#8221;][et_pb_divider show_divider=&#8221;off&#8221; _builder_version=&#8221;4.24.2&#8243; _module_preset=&#8221;default&#8221; background_color=&#8221;RGBA(255,255,255,0)&#8221; height=&#8221;150px&#8221; global_colors_info=&#8221;{}&#8221;][\/et_pb_divider][\/et_pb_column][\/et_pb_row][et_pb_row use_custom_gutter=&#8221;on&#8221; gutter_width=&#8221;1&#8243; _builder_version=&#8221;4.24.2&#8243; _module_preset=&#8221;default&#8221; custom_margin=&#8221;0px|0px|0px|0px|true|true&#8221; custom_margin_tablet=&#8221;0px||80px||false|true&#8221; custom_margin_phone=&#8221;0px||80px||false|true&#8221; custom_margin_last_edited=&#8221;on|tablet&#8221; custom_padding=&#8221;83px|0px|0px|0px|false|true&#8221; custom_css_main_element=&#8221;width:20%!important;||order: 1;&#8221; global_colors_info=&#8221;{}&#8221; custom_css_main_element_last_edited=&#8221;on|desktop&#8221; custom_css_main_element_tablet=&#8221;width:100%!important;&#8221; custom_css_main_element_phone=&#8221;width:100%!important;&#8221;][et_pb_column type=&#8221;4_4&#8243; _builder_version=&#8221;4.24.2&#8243; _module_preset=&#8221;default&#8221; global_colors_info=&#8221;{}&#8221;][et_pb_button button_url=&#8221;@ET-DC@eyJkeW5hbWljIjp0cnVlLCJjb250ZW50IjoicG9zdF9saW5rX3VybF9wYWdlIiwic2V0dGluZ3MiOnsicG9zdF9pZCI6IjMxMCIsImVuYWJsZV9odG1sIjoib2ZmIn19@&#8221; button_text=&#8221;Torna ai prodotti&#8221; button_alignment=&#8221;left&#8221; button_alignment_tablet=&#8221;left&#8221; button_alignment_last_edited=&#8221;off|desktop&#8221; _builder_version=&#8221;4.25.0&#8243; _dynamic_attributes=&#8221;button_url&#8221; _module_preset=&#8221;015e926e-70df-4745-bb80-f7c6873c977b&#8221; custom_button=&#8221;on&#8221; button_text_size=&#8221;12px&#8221; button_text_color=&#8221;#ffffff&#8221; button_bg_color=&#8221;gcid-6d35bd36-1710-4d75-95b4-da6c3769e1cb&#8221; button_border_width=&#8221;0px&#8221; button_border_radius=&#8221;0px&#8221; button_letter_spacing=&#8221;3px&#8221; button_font=&#8221;|700||on|||||&#8221; custom_padding=&#8221;15px|30px|15px|30px|true|true&#8221; locked=&#8221;off&#8221; global_colors_info=&#8221;{%22gcid-6d35bd36-1710-4d75-95b4-da6c3769e1cb%22:%91%22button_bg_color%22%93}&#8221;][\/et_pb_button][\/et_pb_column][\/et_pb_row][\/et_pb_section]<\/p>\n","protected":false},"excerpt":{"rendered":"<p><div class=\"et_pb_module dsm_breadcrumbs dsm_breadcrumbs_0\">\n\t\t\t\t\n\t\t\t\t\n\t\t\t\t\n\t\t\t\t\n\t\t\t\t\n\t\t\t\t\n\t\t\t\t<div class=\"et_pb_module_inner\">\n\t\t\t\t\t<nav class=\"dsm_breadcrumbs_wrap\" role=\"navigation\" itemscope=\"\" itemtype=\"http:\/\/schema.org\/SiteNavigationElement\">\n\t\t\t\t<ul class=\"dsm_breadcrumbs\">\t\t\t<li class='dsm_breadcrumbs_item dsm_home_item dsm_home_item_custom'>\n\t\t\t\t<a href=\"https:\/\/relaunch.euroclust.com\/it\/\" itemprop=\"url\" target=\"\">\n\t\t\t\t\t<span class='dsm_home_text_wrapper'>\n\t\t\t\t\t\t\t\t\t\t\t\t\t<span class=\"et-pb-icon dsm_home_icon\">\ue009<\/span>\n\t\t\t\t\t\t\t\t\t\t\t\t\t<span class=\"dsm_home_text\" itemprop=\"name\">\n\t\t\t\t\t\t\t\tHome\t\t\t\t\t\t\t<\/span>\n\t\t\t\t\t<\/span>\n\t\t\t\t<\/a>\n\t\t\t<\/li>\n\n\t\t<li class=\"dsm_breadcrumbs_separator\"> <span class=\"et-pb-icon dsm_separator_icon\">5<\/span><\/li><\/ul>\n\t\t\t<\/nav>\n\t\t\t\t<\/div>\n\t\t\t<\/div>Configura il prodotto per il tuo progetto FTTH. Seleziona la scatola a muro, la quantit\u00e0 di cavi, gli adattatori, la struttura e la lunghezza del cavo. \u00c8 possibile anche la terminazione su entrambi i lati. Adattatori con protezione antipolvere e laser di serie. Possibilit\u00e0 di installazione su piastra di montaggio e guida DIN. Predisposizione per l&#8217;installazione anche da parte dell&#8217;utente finale. Imballaggio robusto con meccanismo di estrazione ottimizzato. Video guida all&#8217;installazione. Soluzione OEM con marchio individuale del prodotto e video di installazione. <div class=\"et_pb_with_border et_pb_module dsm_card dsm_card_0 et_pb_bg_layout_light dsm_card_image_animation dsm_card_image_animation_zoom_in dsm_card_layout_stacked \">\n\t\t\t\t\n\t\t\t\t\n\t\t\t\t\n\t\t\t\t\n\t\t\t\t\n\t\t\t\t\n\t\t\t\t<div class=\"et_pb_module_inner\">\n\t\t\t\t\t\n\t\t\t\n\t\t\t<figure class=\"dsm_card_image_wrapper dsm_card_badge_top_right\"><div class=\"dsm_card_image_background dsm_card_img\"><\/div><\/figure>\n\t\t\t<div class=\"et_pb_module dsm_card_wrapper et_pb_text_align_left\">\n\t\t\t\t\t\n\t\t\t\t\t<h4 class=\"dsm_card_title et_pb_module_header\">Video<\/h4>\n\t\t\t\t\t\n\t\t\t\t\t\n\t\t\t\t\t<div class=\"et_pb_button_wrapper\"><a class=\"et_pb_button et_pb_more_button \" href=\"https:\/\/www.youtube.com\/watch?v=GoK_B8Ce1-w\" target=\"_blank\">vista<\/a><\/div>\n\t\t\t\t<\/div>\n\t\t\t\n\t\t\t\t<\/div>\n\t\t\t<\/div><div class=\"et_pb_with_border et_pb_module dsm_card dsm_card_1 et_pb_bg_layout_light dsm_card_image_animation dsm_card_image_animation_zoom_in dsm_card_layout_stacked \">\n\t\t\t\t\n\t\t\t\t\n\t\t\t\t\n\t\t\t\t\n\t\t\t\t\n\t\t\t\t\n\t\t\t\t<div class=\"et_pb_module_inner\">\n\t\t\t\t\t\n\t\t\t\n\t\t\t<figure class=\"dsm_card_image_wrapper dsm_card_badge_top_right\"><div class=\"dsm_card_image_background dsm_card_img\"><\/div><\/figure>\n\t\t\t<div class=\"et_pb_module dsm_card_wrapper et_pb_text_align_left\">\n\t\t\t\t\t\n\t\t\t\t\t<h4 class=\"dsm_card_title et_pb_module_header\">Scheda tecnica<\/h4>\n\t\t\t\t\t\n\t\t\t\t\t\n\t\t\t\t\t<div class=\"et_pb_button_wrapper\"><a class=\"et_pb_button et_pb_more_button \" href=\"\" target=\"_blank\">Scarica<\/a><\/div>\n\t\t\t\t<\/div>\n\t\t\t\n\t\t\t\t<\/div>\n\t\t\t<\/div><\/p>\n","protected":false},"author":1,"featured_media":0,"parent":2157,"menu_order":0,"comment_status":"closed","ping_status":"closed","template":"","meta":{"_et_pb_use_builder":"on","_et_pb_old_content":"","_et_gb_content_width":"","inline_featured_image":false,"footnotes":""},"class_list":["post-2175","page","type-page","status-publish","hentry"],"yoast_head":"<!-- This site is optimized with the Yoast SEO plugin v27.5 - https:\/\/yoast.com\/product\/yoast-seo-wordpress\/ -->\n<title>ONT Kits - Euroclust<\/title>\n<meta name=\"robots\" content=\"index, follow, max-snippet:-1, max-image-preview:large, max-video-preview:-1\" \/>\n<link rel=\"canonical\" href=\"https:\/\/relaunch.euroclust.com\/it\/prodotti\/ont-kits\/\" \/>\n<meta property=\"og:locale\" content=\"it_IT\" \/>\n<meta property=\"og:type\" content=\"article\" \/>\n<meta property=\"og:title\" content=\"ONT Kits - Euroclust\" \/>\n<meta property=\"og:description\" content=\"Configura il prodotto per il tuo progetto FTTH. Seleziona la scatola a muro, la quantit\u00e0 di cavi, gli adattatori, la struttura e la lunghezza del cavo. \u00c8 possibile anche la terminazione su entrambi i lati. Adattatori con protezione antipolvere e laser di serie. Possibilit\u00e0 di installazione su piastra di montaggio e guida DIN. Predisposizione per l&#039;installazione anche da parte dell&#039;utente finale. Imballaggio robusto con meccanismo di estrazione ottimizzato. Video guida all&#039;installazione. Soluzione OEM con marchio individuale del prodotto e video di installazione.\" \/>\n<meta property=\"og:url\" content=\"https:\/\/relaunch.euroclust.com\/it\/prodotti\/ont-kits\/\" \/>\n<meta property=\"og:site_name\" content=\"Euroclust\" \/>\n<meta property=\"article:modified_time\" content=\"2025-04-10T18:20:55+00:00\" \/>\n<meta name=\"twitter:card\" content=\"summary_large_image\" \/>\n<meta name=\"twitter:label1\" content=\"Tempo di lettura stimato\" \/>\n\t<meta name=\"twitter:data1\" content=\"8 minuti\" \/>\n<script type=\"application\/ld+json\" class=\"yoast-schema-graph\">{\"@context\":\"https:\\\/\\\/schema.org\",\"@graph\":[{\"@type\":\"WebPage\",\"@id\":\"https:\\\/\\\/relaunch.euroclust.com\\\/it\\\/prodotti\\\/ont-kits\\\/\",\"url\":\"https:\\\/\\\/relaunch.euroclust.com\\\/it\\\/prodotti\\\/ont-kits\\\/\",\"name\":\"ONT Kits - Euroclust\",\"isPartOf\":{\"@id\":\"https:\\\/\\\/relaunch.euroclust.com\\\/it\\\/#website\"},\"datePublished\":\"2024-04-23T14:15:11+00:00\",\"dateModified\":\"2025-04-10T18:20:55+00:00\",\"breadcrumb\":{\"@id\":\"https:\\\/\\\/relaunch.euroclust.com\\\/it\\\/prodotti\\\/ont-kits\\\/#breadcrumb\"},\"inLanguage\":\"it-IT\",\"potentialAction\":[{\"@type\":\"ReadAction\",\"target\":[\"https:\\\/\\\/relaunch.euroclust.com\\\/it\\\/prodotti\\\/ont-kits\\\/\"]}]},{\"@type\":\"BreadcrumbList\",\"@id\":\"https:\\\/\\\/relaunch.euroclust.com\\\/it\\\/prodotti\\\/ont-kits\\\/#breadcrumb\",\"itemListElement\":[{\"@type\":\"ListItem\",\"position\":1,\"name\":\"Startseite\",\"item\":\"https:\\\/\\\/relaunch.euroclust.com\\\/it\\\/\"},{\"@type\":\"ListItem\",\"position\":2,\"name\":\"Prodotti\",\"item\":\"https:\\\/\\\/relaunch.euroclust.com\\\/it\\\/prodotti\\\/\"},{\"@type\":\"ListItem\",\"position\":3,\"name\":\"ONT Kits\"}]},{\"@type\":\"WebSite\",\"@id\":\"https:\\\/\\\/relaunch.euroclust.com\\\/it\\\/#website\",\"url\":\"https:\\\/\\\/relaunch.euroclust.com\\\/it\\\/\",\"name\":\"Euroclust\",\"description\":\"Euroclust-Relaunch\",\"potentialAction\":[{\"@type\":\"SearchAction\",\"target\":{\"@type\":\"EntryPoint\",\"urlTemplate\":\"https:\\\/\\\/relaunch.euroclust.com\\\/it\\\/?s={search_term_string}\"},\"query-input\":{\"@type\":\"PropertyValueSpecification\",\"valueRequired\":true,\"valueName\":\"search_term_string\"}}],\"inLanguage\":\"it-IT\"}]}<\/script>\n<!-- \/ Yoast SEO plugin. -->","yoast_head_json":{"title":"ONT Kits - Euroclust","robots":{"index":"index","follow":"follow","max-snippet":"max-snippet:-1","max-image-preview":"max-image-preview:large","max-video-preview":"max-video-preview:-1"},"canonical":"https:\/\/relaunch.euroclust.com\/it\/prodotti\/ont-kits\/","og_locale":"it_IT","og_type":"article","og_title":"ONT Kits - Euroclust","og_description":"Configura il prodotto per il tuo progetto FTTH. Seleziona la scatola a muro, la quantit\u00e0 di cavi, gli adattatori, la struttura e la lunghezza del cavo. \u00c8 possibile anche la terminazione su entrambi i lati. Adattatori con protezione antipolvere e laser di serie. Possibilit\u00e0 di installazione su piastra di montaggio e guida DIN. Predisposizione per l'installazione anche da parte dell'utente finale. Imballaggio robusto con meccanismo di estrazione ottimizzato. Video guida all'installazione. Soluzione OEM con marchio individuale del prodotto e video di installazione.","og_url":"https:\/\/relaunch.euroclust.com\/it\/prodotti\/ont-kits\/","og_site_name":"Euroclust","article_modified_time":"2025-04-10T18:20:55+00:00","twitter_card":"summary_large_image","twitter_misc":{"Tempo di lettura stimato":"8 minuti"},"schema":{"@context":"https:\/\/schema.org","@graph":[{"@type":"WebPage","@id":"https:\/\/relaunch.euroclust.com\/it\/prodotti\/ont-kits\/","url":"https:\/\/relaunch.euroclust.com\/it\/prodotti\/ont-kits\/","name":"ONT Kits - Euroclust","isPartOf":{"@id":"https:\/\/relaunch.euroclust.com\/it\/#website"},"datePublished":"2024-04-23T14:15:11+00:00","dateModified":"2025-04-10T18:20:55+00:00","breadcrumb":{"@id":"https:\/\/relaunch.euroclust.com\/it\/prodotti\/ont-kits\/#breadcrumb"},"inLanguage":"it-IT","potentialAction":[{"@type":"ReadAction","target":["https:\/\/relaunch.euroclust.com\/it\/prodotti\/ont-kits\/"]}]},{"@type":"BreadcrumbList","@id":"https:\/\/relaunch.euroclust.com\/it\/prodotti\/ont-kits\/#breadcrumb","itemListElement":[{"@type":"ListItem","position":1,"name":"Startseite","item":"https:\/\/relaunch.euroclust.com\/it\/"},{"@type":"ListItem","position":2,"name":"Prodotti","item":"https:\/\/relaunch.euroclust.com\/it\/prodotti\/"},{"@type":"ListItem","position":3,"name":"ONT Kits"}]},{"@type":"WebSite","@id":"https:\/\/relaunch.euroclust.com\/it\/#website","url":"https:\/\/relaunch.euroclust.com\/it\/","name":"Euroclust","description":"Euroclust-Relaunch","potentialAction":[{"@type":"SearchAction","target":{"@type":"EntryPoint","urlTemplate":"https:\/\/relaunch.euroclust.com\/it\/?s={search_term_string}"},"query-input":{"@type":"PropertyValueSpecification","valueRequired":true,"valueName":"search_term_string"}}],"inLanguage":"it-IT"}]}},"_links":{"self":[{"href":"https:\/\/relaunch.euroclust.com\/it\/wp-json\/wp\/v2\/pages\/2175","targetHints":{"allow":["GET"]}}],"collection":[{"href":"https:\/\/relaunch.euroclust.com\/it\/wp-json\/wp\/v2\/pages"}],"about":[{"href":"https:\/\/relaunch.euroclust.com\/it\/wp-json\/wp\/v2\/types\/page"}],"author":[{"embeddable":true,"href":"https:\/\/relaunch.euroclust.com\/it\/wp-json\/wp\/v2\/users\/1"}],"replies":[{"embeddable":true,"href":"https:\/\/relaunch.euroclust.com\/it\/wp-json\/wp\/v2\/comments?post=2175"}],"version-history":[{"count":2,"href":"https:\/\/relaunch.euroclust.com\/it\/wp-json\/wp\/v2\/pages\/2175\/revisions"}],"predecessor-version":[{"id":2177,"href":"https:\/\/relaunch.euroclust.com\/it\/wp-json\/wp\/v2\/pages\/2175\/revisions\/2177"}],"up":[{"embeddable":true,"href":"https:\/\/relaunch.euroclust.com\/it\/wp-json\/wp\/v2\/pages\/2157"}],"wp:attachment":[{"href":"https:\/\/relaunch.euroclust.com\/it\/wp-json\/wp\/v2\/media?parent=2175"}],"curies":[{"name":"wp","href":"https:\/\/api.w.org\/{rel}","templated":true}]}}