{"id":1925,"date":"2024-05-13T10:31:52","date_gmt":"2024-05-13T10:31:52","guid":{"rendered":"https:\/\/relaunch.euroclust.com\/impresionante\/"},"modified":"2025-03-01T11:56:52","modified_gmt":"2025-03-01T11:56:52","slug":"impresionante","status":"publish","type":"page","link":"https:\/\/relaunch.euroclust.com\/es\/impresionante\/","title":{"rendered":"Impresionante"},"content":{"rendered":"<p>[et_pb_section fb_built=\u00bb1&#8243; _builder_version=\u00bb4.24.2&#8243; background_image=\u00bbhttps:\/\/relaunch.euroclust.com\/wp-content\/uploads\/2024\/03\/euroclust-aboutus-scaled.jpg\u00bb min_height=\u00bb500px\u00bb custom_padding=\u00bb67px|0px|67.1875px|0px|false|false\u00bb animation_style=\u00bbzoom\u00bb animation_intensity_zoom=\u00bb4%\u00bb global_colors_info=\u00bb{}\u00bb][et_pb_row _builder_version=\u00bb4.24.2&#8243; background_color=\u00bbrgba(255,255,255,0.69)\u00bb background_size=\u00bbinitial\u00bb background_position=\u00bbtop_left\u00bb background_repeat=\u00bbrepeat\u00bb width=\u00bb70%\u00bb max_width=\u00bb580px\u00bb module_alignment=\u00bbleft\u00bb height=\u00bb130px\u00bb custom_margin=\u00bb0px|0px|0px|0px|true|true\u00bb custom_padding=\u00bb35px|35px|35px|0px|true|false\u00bb animation_style=\u00bbslide\u00bb animation_direction=\u00bbtop\u00bb animation_intensity_slide=\u00bb3%\u00bb border_radii=\u00bboff||50px|50px|\u00bb global_colors_info=\u00bb{}\u00bb][et_pb_column type=\u00bb4_4&#8243; _builder_version=\u00bb4.16&#8243; custom_padding=\u00bb|||\u00bb global_colors_info=\u00bb{}\u00bb custom_padding__hover=\u00bb|||\u00bb][et_pb_heading title=\u00bbPie de imprenta\u00bb _builder_version=\u00bb4.25.0&#8243; _module_preset=\u00bbdefault\u00bb title_font=\u00bb|600||on|||||\u00bb title_text_align=\u00bbright\u00bb title_text_color=\u00bb#313479&#8243; title_font_size=\u00bb50px\u00bb width=\u00bb100%\u00bb custom_margin=\u00bb0px|0px|0px|0px|true|true\u00bb custom_padding=\u00bb0px|0px|0px|0px|true|true\u00bb global_colors_info=\u00bb{}\u00bb][\/et_pb_heading][et_pb_divider show_divider=\u00bboff\u00bb disabled_on=\u00bbon|on|off\u00bb _builder_version=\u00bb4.16&#8243; max_width=\u00bb120px\u00bb animation_style=\u00bbslide\u00bb animation_direction=\u00bbtop\u00bb animation_intensity_slide=\u00bb30%\u00bb global_colors_info=\u00bb{}\u00bb][\/et_pb_divider][\/et_pb_column][\/et_pb_row][\/et_pb_section][et_pb_section fb_built=\u00bb1&#8243; _builder_version=\u00bb4.24.2&#8243; _module_preset=\u00bbdefault\u00bb background_image=\u00bbhttps:\/\/relaunch.euroclust.com\/wp-content\/uploads\/2024\/03\/Content-BG-slider-2.png\u00bb background_size=\u00bbcontain\u00bb background_position=\u00bbtop_left\u00bb height=\u00bb190px\u00bb custom_margin=\u00bb-110px|0px|0px|0px|false|true\u00bb custom_margin_tablet=\u00bb-75px||||false|true\u00bb custom_margin_phone=\u00bb-25px||||false|true\u00bb custom_margin_last_edited=\u00bbon|phone\u00bb custom_padding=\u00bb0px|0px|0px|0px|true|true\u00bb global_colors_info=\u00bb{}\u00bb][\/et_pb_section][et_pb_section fb_built=\u00bb1&#8243; _builder_version=\u00bb4.25.0&#8243; _module_preset=\u00bbdefault\u00bb custom_margin=\u00bb||50px||false|false\u00bb custom_padding=\u00bb||0px||false|false\u00bb global_colors_info=\u00bb{}\u00bb][et_pb_row _builder_version=\u00bb4.24.2&#8243; _module_preset=\u00bbdefault\u00bb global_colors_info=\u00bb{}\u00bb][et_pb_column type=\u00bb4_4&#8243; _builder_version=\u00bb4.24.2&#8243; _module_preset=\u00bbdefault\u00bb global_colors_info=\u00bb{}\u00bb][et_pb_heading title=\u00bbInformaci\u00f3n legal\u00bb _builder_version=\u00bb4.25.0&#8243; _module_preset=\u00bbdefault\u00bb title_level=\u00bbh2&#8243; title_font=\u00bb|600||on|||||\u00bb title_text_align=\u00bbcenter\u00bb title_font_size=\u00bb39px\u00bb global_colors_info=\u00bb{}\u00bb][\/et_pb_heading][et_pb_text _builder_version=\u00bb4.25.0&#8243; _module_preset=\u00bbdefault\u00bb global_colors_info=\u00bb{}\u00bb]<\/p>\n<p style=\"text-align: center;\"><span>Informaci\u00f3n conforme al \u00a7 14 UGB (C\u00f3digo de Sociedades), as\u00ed como al \u00a7 5 ECG (Ley de Comercio Electr\u00f3nico)<br \/>y al \u00a7 25 \u00a7 5 de la Ley de Medios de Comunicaci\u00f3n (Ley de Medios de Comunicaci\u00f3n).<\/span><\/p>\n<p>[\/et_pb_text][\/et_pb_column][\/et_pb_row][\/et_pb_section][et_pb_section fb_built=\u00bb1&#8243; custom_padding_last_edited=\u00bbon|tablet\u00bb _builder_version=\u00bb4.25.0&#8243; _module_preset=\u00bbdefault\u00bb background_color=\u00bb#313479&#8243; custom_padding=\u00bb100px||100px||true|false\u00bb custom_padding_tablet=\u00bb50px||50px||true|false\u00bb custom_padding_phone=\u00bb50px||50px||true|false\u00bb global_colors_info=\u00bb{}\u00bb][et_pb_row column_structure=\u00bb1_2,1_2&#8243; custom_padding_last_edited=\u00bbon|tablet\u00bb _builder_version=\u00bb4.25.0&#8243; _module_preset=\u00bbdefault\u00bb background_color=\u00bb#FFFFFF\u00bb width=\u00bb90%\u00bb custom_padding=\u00bb|||30px|false|false\u00bb custom_padding_tablet=\u00bb0px|0px||0px|false|false\u00bb custom_padding_phone=\u00bb0px|0px||0px|false|false\u00bb custom_css_main_element=\u00bbdisplay: flex;||flex-wrap: wrap;\u00bb global_colors_info=\u00bb{}\u00bb custom_css_main_element_last_edited=\u00bbon|tablet\u00bb custom_css_main_element_tablet=\u00bbdisplay: flex;||flex-wrap: wrap;\u00bb custom_css_main_element_phone=\u00bbdisplay: flex;||flex-wrap: wrap;\u00bb][et_pb_column type=\u00bb1_2&#8243; _builder_version=\u00bb4.25.0&#8243; _module_preset=\u00bbdefault\u00bb custom_css_main_element=\u00bbwidth: 70%!important;\u00bb global_colors_info=\u00bb{}\u00bb custom_css_main_element_last_edited=\u00bbon|tablet\u00bb custom_css_main_element_tablet=\u00bbwidth: 100%!important;\u00bb custom_css_main_element_phone=\u00bbwidth: 100%!important;\u00bb][et_pb_image src=\u00bbhttps:\/\/relaunch.euroclust.com\/wp-content\/uploads\/2024\/05\/impressum-quer.jpg\u00bb title_text=\u00bbimpressum-quer\u00bb _builder_version=\u00bb4.25.0&#8243; _module_preset=\u00bbdefault\u00bb global_colors_info=\u00bb{}\u00bb][\/et_pb_image][\/et_pb_column][et_pb_column type=\u00bb1_2&#8243; _builder_version=\u00bb4.25.0&#8243; _module_preset=\u00bbdefault\u00bb custom_css_main_element=\u00bbwidth: 24%!important;\u00bb global_colors_info=\u00bb{}\u00bb custom_css_main_element_last_edited=\u00bbon|tablet\u00bb custom_css_main_element_tablet=\u00bbwidth: 100%!important;\u00bb custom_css_main_element_phone=\u00bbwidth: 100%!important;\u00bb][et_pb_image src=\u00bbhttps:\/\/relaunch.euroclust.com\/wp-content\/uploads\/2024\/03\/euroclust-logo-footer.png\u00bb title_text=\u00bbeuroclust-logo-footer\u00bb _builder_version=\u00bb4.25.0&#8243; _module_preset=\u00bbdefault\u00bb width=\u00bb25%\u00bb width_tablet=\u00bb200px\u00bb width_phone=\u00bb150px\u00bb width_last_edited=\u00bbon|tablet\u00bb module_alignment=\u00bbleft\u00bb module_alignment_tablet=\u00bbcenter\u00bb module_alignment_phone=\u00bbcenter\u00bb module_alignment_last_edited=\u00bbon|phone\u00bb global_colors_info=\u00bb{}\u00bb][\/et_pb_image][et_pb_heading title=\u00bbEmpresa\u00bb _builder_version=\u00bb4.25.0&#8243; _module_preset=\u00bbdefault\u00bb title_level=\u00bbh2&#8243; title_font=\u00bb|||on|||||\u00bb title_text_align=\u00bbleft\u00bb title_font_size=\u00bb45px\u00bb custom_margin=\u00bb0px||||false|false\u00bb custom_padding=\u00bb15px||||false|false\u00bb title_text_align_tablet=\u00bbcenter\u00bb title_text_align_phone=\u00bbcenter\u00bb title_text_align_last_edited=\u00bbon|tablet\u00bb global_colors_info=\u00bb{}\u00bb][\/et_pb_heading][et_pb_text _builder_version=\u00bb4.27.0&#8243; _module_preset=\u00bbdefault\u00bb hover_enabled=\u00bb0&#8243; custom_css_main_element=\u00bbline-height: 1.4;\u00bb global_colors_info=\u00bb{}\u00bb custom_css_main_element_last_edited=\u00bbon|tablet\u00bb custom_css_main_element_tablet=\u00bbtext-align: center!important;\u00bb custom_css_main_element_phone=\u00bbtext-align: center!important;\u00bb sticky_enabled=\u00bb0&#8243;]<\/p>\n<h4>ELDI GmbH<\/h4>\n<p class=\"p1\">Willbrandtgasse 5<br \/>1190 Viena, Austria<br \/>t: +43 1 258 0971<br \/>m: +43 664 101 101 4<\/p>\n<p>[\/et_pb_text][et_pb_text _builder_version=\u00bb4.25.0&#8243; _module_preset=\u00bbdefault\u00bb custom_css_main_element=\u00bbline-height: 1.4;\u00bb global_colors_info=\u00bb{}\u00bb custom_css_main_element_last_edited=\u00bbon|tablet\u00bb custom_css_main_element_tablet=\u00bbtext-align: center!important;\u00bb custom_css_main_element_phone=\u00bbtext-align: center!important;\u00bb]<\/p>\n<h4>ELDI, s.r.o.<\/h4>\n<p class=\"p1\">Ra\u010dianska 66<br \/>83102 Bratislava, Eslovaquia<br \/>t: +421 2 4445 0705<br \/>m: +421 905 948 264<\/p>\n<p>[\/et_pb_text][et_pb_text _builder_version=\u00bb4.25.0&#8243; _module_preset=\u00bbdefault\u00bb text_font=\u00bb|700|||||||\u00bb text_text_color=\u00bb#313479&#8243; custom_css_main_element=\u00bbline-height: 1.4;\u00bb global_colors_info=\u00bb{}\u00bb custom_css_main_element_last_edited=\u00bbon|tablet\u00bb custom_css_main_element_tablet=\u00bbtext-align: center!important;\u00bb custom_css_main_element_phone=\u00bbtext-align: center!important;\u00bb]<\/p>\n<p><span>info@euroclust.biz<\/span><\/p>\n<p>[\/et_pb_text][\/et_pb_column][\/et_pb_row][\/et_pb_section][et_pb_section fb_built=\u00bb1&#8243; _builder_version=\u00bb4.25.0&#8243; _module_preset=\u00bbdefault\u00bb custom_margin=\u00bb||0px||false|false\u00bb custom_padding=\u00bb||0px||false|false\u00bb global_colors_info=\u00bb{}\u00bb][et_pb_row _builder_version=\u00bb4.24.2&#8243; _module_preset=\u00bbdefault\u00bb global_colors_info=\u00bb{}\u00bb][et_pb_column type=\u00bb4_4&#8243; _builder_version=\u00bb4.24.2&#8243; _module_preset=\u00bbdefault\u00bb global_colors_info=\u00bb{}\u00bb][et_pb_heading title=\u00bbLibro de empresa\u00bb _builder_version=\u00bb4.25.0&#8243; _module_preset=\u00bbdefault\u00bb title_level=\u00bbh2&#8243; title_font=\u00bb|600|||||||\u00bb title_text_align=\u00bbcenter\u00bb title_font_size=\u00bb32px\u00bb global_colors_info=\u00bb{}\u00bb][\/et_pb_heading][et_pb_text _builder_version=\u00bb4.27.0&#8243; _module_preset=\u00bbdefault\u00bb hover_enabled=\u00bb0&#8243; global_colors_info=\u00bb{}\u00bb sticky_enabled=\u00bb0&#8243;]<\/p>\n<p style=\"text-align: center;\">Tribunal de Comercio de Viena, Marxergasse 1a, 1030 Viena<br \/>N\u00famero de registro mercantil: FN 156211y<br \/>Domicilio social: 1190 Viena<br \/>Director Gerente: Alexej Taptic<\/p>\n<p>[\/et_pb_text][\/et_pb_column][\/et_pb_row][\/et_pb_section][et_pb_section fb_built=\u00bb1&#8243; _builder_version=\u00bb4.25.0&#8243; _module_preset=\u00bbdefault\u00bb custom_margin=\u00bb||50px||false|false\u00bb custom_padding=\u00bb||0px||false|false\u00bb global_colors_info=\u00bb{}\u00bb][et_pb_row _builder_version=\u00bb4.24.2&#8243; _module_preset=\u00bbdefault\u00bb global_colors_info=\u00bb{}\u00bb][et_pb_column type=\u00bb4_4&#8243; _builder_version=\u00bb4.24.2&#8243; _module_preset=\u00bbdefault\u00bb global_colors_info=\u00bb{}\u00bb][et_pb_heading title=\u00bbAutoridad de Supervisi\u00f3n de Asuntos Comerciales\u00bb _builder_version=\u00bb4.25.0&#8243; _module_preset=\u00bbdefault\u00bb title_level=\u00bbh2&#8243; title_font=\u00bb|600|||||||\u00bb title_text_align=\u00bbcenter\u00bb title_font_size=\u00bb32px\u00bb global_colors_info=\u00bb{}\u00bb][\/et_pb_heading][et_pb_text _builder_version=\u00bb4.27.0&#8243; _module_preset=\u00bbdefault\u00bb hover_enabled=\u00bb0&#8243; global_colors_info=\u00bb{}\u00bb sticky_enabled=\u00bb0&#8243;]<\/p>\n<p style=\"text-align: center;\">Oficina municipal del distrito 19<br \/>Miembro de la C\u00e1mara de Comercio de Viena, Divisi\u00f3n de Informaci\u00f3n y Consultor\u00eda<br \/>Legislaci\u00f3n aplicable: Reglamento de Comercio de Austria (www.ris.bka.gv.at)<\/p>\n<p>[\/et_pb_text][\/et_pb_column][\/et_pb_row][\/et_pb_section]<\/p>\n","protected":false},"excerpt":{"rendered":"<p>Informaci\u00f3n conforme al \u00a7 14 UGB (C\u00f3digo de Sociedades), as\u00ed como al \u00a7 5 ECG (Ley de Comercio Electr\u00f3nico)y al \u00a7 25 \u00a7 5 de la Ley de Medios de Comunicaci\u00f3n (Ley de Medios de Comunicaci\u00f3n).ELDI GmbH Willbrandtgasse 51190 Viena, Austriat: +43 1 258 0971m: +43 664 101 101 4ELDI, s.r.o. Ra\u010dianska 6683102 Bratislava, Eslovaquiat: +421 2 4445 0705m: +421 905 948 264info@euroclust.bizTribunal de Comercio de Viena, Marxergasse 1a, 1030 VienaN\u00famero de registro mercantil: FN 156211yDomicilio social: 1190 VienaDirector Gerente: Alexej TapticOficina municipal del distrito 19Miembro de la C\u00e1mara de Comercio de Viena, Divisi\u00f3n de Informaci\u00f3n y Consultor\u00edaLegislaci\u00f3n aplicable: Reglamento de Comercio de Austria (www.ris.bka.gv.at)<\/p>\n","protected":false},"author":1,"featured_media":0,"parent":0,"menu_order":0,"comment_status":"closed","ping_status":"closed","template":"","meta":{"_et_pb_use_builder":"on","_et_pb_old_content":"","_et_gb_content_width":"","inline_featured_image":false,"footnotes":""},"class_list":["post-1925","page","type-page","status-publish","hentry"],"yoast_head":"<!-- This site is optimized with the Yoast SEO plugin v27.3 - https:\/\/yoast.com\/product\/yoast-seo-wordpress\/ -->\n<title>Impresionante - Euroclust<\/title>\n<meta name=\"robots\" content=\"index, follow, max-snippet:-1, max-image-preview:large, max-video-preview:-1\" \/>\n<link rel=\"canonical\" href=\"https:\/\/relaunch.euroclust.com\/es\/impresionante\/\" \/>\n<meta property=\"og:locale\" content=\"es_ES\" \/>\n<meta property=\"og:type\" content=\"article\" \/>\n<meta property=\"og:title\" content=\"Impresionante - Euroclust\" \/>\n<meta property=\"og:description\" content=\"Informaci\u00f3n conforme al \u00a7 14 UGB (C\u00f3digo de Sociedades), as\u00ed como al \u00a7 5 ECG (Ley de Comercio Electr\u00f3nico)y al \u00a7 25 \u00a7 5 de la Ley de Medios de Comunicaci\u00f3n (Ley de Medios de Comunicaci\u00f3n).ELDI GmbH Willbrandtgasse 51190 Viena, Austriat: +43 1 258 0971m: +43 664 101 101 4ELDI, s.r.o. Ra\u010dianska 6683102 Bratislava, Eslovaquiat: +421 2 4445 0705m: +421 905 948 264info@euroclust.bizTribunal de Comercio de Viena, Marxergasse 1a, 1030 VienaN\u00famero de registro mercantil: FN 156211yDomicilio social: 1190 VienaDirector Gerente: Alexej TapticOficina municipal del distrito 19Miembro de la C\u00e1mara de Comercio de Viena, Divisi\u00f3n de Informaci\u00f3n y Consultor\u00edaLegislaci\u00f3n aplicable: Reglamento de Comercio de Austria (www.ris.bka.gv.at)\" \/>\n<meta property=\"og:url\" content=\"https:\/\/relaunch.euroclust.com\/es\/impresionante\/\" \/>\n<meta property=\"og:site_name\" content=\"Euroclust\" \/>\n<meta property=\"article:modified_time\" content=\"2025-03-01T11:56:52+00:00\" \/>\n<meta name=\"twitter:card\" content=\"summary_large_image\" \/>\n<meta name=\"twitter:label1\" content=\"Tiempo de lectura\" \/>\n\t<meta name=\"twitter:data1\" content=\"6 minutos\" \/>\n<script type=\"application\/ld+json\" class=\"yoast-schema-graph\">{\"@context\":\"https:\\\/\\\/schema.org\",\"@graph\":[{\"@type\":\"WebPage\",\"@id\":\"https:\\\/\\\/relaunch.euroclust.com\\\/es\\\/impresionante\\\/\",\"url\":\"https:\\\/\\\/relaunch.euroclust.com\\\/es\\\/impresionante\\\/\",\"name\":\"Impresionante - Euroclust\",\"isPartOf\":{\"@id\":\"https:\\\/\\\/relaunch.euroclust.com\\\/es\\\/#website\"},\"datePublished\":\"2024-05-13T10:31:52+00:00\",\"dateModified\":\"2025-03-01T11:56:52+00:00\",\"breadcrumb\":{\"@id\":\"https:\\\/\\\/relaunch.euroclust.com\\\/es\\\/impresionante\\\/#breadcrumb\"},\"inLanguage\":\"es\",\"potentialAction\":[{\"@type\":\"ReadAction\",\"target\":[\"https:\\\/\\\/relaunch.euroclust.com\\\/es\\\/impresionante\\\/\"]}]},{\"@type\":\"BreadcrumbList\",\"@id\":\"https:\\\/\\\/relaunch.euroclust.com\\\/es\\\/impresionante\\\/#breadcrumb\",\"itemListElement\":[{\"@type\":\"ListItem\",\"position\":1,\"name\":\"Startseite\",\"item\":\"https:\\\/\\\/relaunch.euroclust.com\\\/es\\\/euroclust-hogar\\\/\"},{\"@type\":\"ListItem\",\"position\":2,\"name\":\"Impresionante\"}]},{\"@type\":\"WebSite\",\"@id\":\"https:\\\/\\\/relaunch.euroclust.com\\\/es\\\/#website\",\"url\":\"https:\\\/\\\/relaunch.euroclust.com\\\/es\\\/\",\"name\":\"Euroclust\",\"description\":\"Euroclust-Relaunch\",\"potentialAction\":[{\"@type\":\"SearchAction\",\"target\":{\"@type\":\"EntryPoint\",\"urlTemplate\":\"https:\\\/\\\/relaunch.euroclust.com\\\/es\\\/?s={search_term_string}\"},\"query-input\":{\"@type\":\"PropertyValueSpecification\",\"valueRequired\":true,\"valueName\":\"search_term_string\"}}],\"inLanguage\":\"es\"}]}<\/script>\n<!-- \/ Yoast SEO plugin. -->","yoast_head_json":{"title":"Impresionante - Euroclust","robots":{"index":"index","follow":"follow","max-snippet":"max-snippet:-1","max-image-preview":"max-image-preview:large","max-video-preview":"max-video-preview:-1"},"canonical":"https:\/\/relaunch.euroclust.com\/es\/impresionante\/","og_locale":"es_ES","og_type":"article","og_title":"Impresionante - Euroclust","og_description":"Informaci\u00f3n conforme al \u00a7 14 UGB (C\u00f3digo de Sociedades), as\u00ed como al \u00a7 5 ECG (Ley de Comercio Electr\u00f3nico)y al \u00a7 25 \u00a7 5 de la Ley de Medios de Comunicaci\u00f3n (Ley de Medios de Comunicaci\u00f3n).ELDI GmbH Willbrandtgasse 51190 Viena, Austriat: +43 1 258 0971m: +43 664 101 101 4ELDI, s.r.o. Ra\u010dianska 6683102 Bratislava, Eslovaquiat: +421 2 4445 0705m: +421 905 948 264info@euroclust.bizTribunal de Comercio de Viena, Marxergasse 1a, 1030 VienaN\u00famero de registro mercantil: FN 156211yDomicilio social: 1190 VienaDirector Gerente: Alexej TapticOficina municipal del distrito 19Miembro de la C\u00e1mara de Comercio de Viena, Divisi\u00f3n de Informaci\u00f3n y Consultor\u00edaLegislaci\u00f3n aplicable: Reglamento de Comercio de Austria (www.ris.bka.gv.at)","og_url":"https:\/\/relaunch.euroclust.com\/es\/impresionante\/","og_site_name":"Euroclust","article_modified_time":"2025-03-01T11:56:52+00:00","twitter_card":"summary_large_image","twitter_misc":{"Tiempo de lectura":"6 minutos"},"schema":{"@context":"https:\/\/schema.org","@graph":[{"@type":"WebPage","@id":"https:\/\/relaunch.euroclust.com\/es\/impresionante\/","url":"https:\/\/relaunch.euroclust.com\/es\/impresionante\/","name":"Impresionante - Euroclust","isPartOf":{"@id":"https:\/\/relaunch.euroclust.com\/es\/#website"},"datePublished":"2024-05-13T10:31:52+00:00","dateModified":"2025-03-01T11:56:52+00:00","breadcrumb":{"@id":"https:\/\/relaunch.euroclust.com\/es\/impresionante\/#breadcrumb"},"inLanguage":"es","potentialAction":[{"@type":"ReadAction","target":["https:\/\/relaunch.euroclust.com\/es\/impresionante\/"]}]},{"@type":"BreadcrumbList","@id":"https:\/\/relaunch.euroclust.com\/es\/impresionante\/#breadcrumb","itemListElement":[{"@type":"ListItem","position":1,"name":"Startseite","item":"https:\/\/relaunch.euroclust.com\/es\/euroclust-hogar\/"},{"@type":"ListItem","position":2,"name":"Impresionante"}]},{"@type":"WebSite","@id":"https:\/\/relaunch.euroclust.com\/es\/#website","url":"https:\/\/relaunch.euroclust.com\/es\/","name":"Euroclust","description":"Euroclust-Relaunch","potentialAction":[{"@type":"SearchAction","target":{"@type":"EntryPoint","urlTemplate":"https:\/\/relaunch.euroclust.com\/es\/?s={search_term_string}"},"query-input":{"@type":"PropertyValueSpecification","valueRequired":true,"valueName":"search_term_string"}}],"inLanguage":"es"}]}},"_links":{"self":[{"href":"https:\/\/relaunch.euroclust.com\/es\/wp-json\/wp\/v2\/pages\/1925","targetHints":{"allow":["GET"]}}],"collection":[{"href":"https:\/\/relaunch.euroclust.com\/es\/wp-json\/wp\/v2\/pages"}],"about":[{"href":"https:\/\/relaunch.euroclust.com\/es\/wp-json\/wp\/v2\/types\/page"}],"author":[{"embeddable":true,"href":"https:\/\/relaunch.euroclust.com\/es\/wp-json\/wp\/v2\/users\/1"}],"replies":[{"embeddable":true,"href":"https:\/\/relaunch.euroclust.com\/es\/wp-json\/wp\/v2\/comments?post=1925"}],"version-history":[{"count":2,"href":"https:\/\/relaunch.euroclust.com\/es\/wp-json\/wp\/v2\/pages\/1925\/revisions"}],"predecessor-version":[{"id":1927,"href":"https:\/\/relaunch.euroclust.com\/es\/wp-json\/wp\/v2\/pages\/1925\/revisions\/1927"}],"wp:attachment":[{"href":"https:\/\/relaunch.euroclust.com\/es\/wp-json\/wp\/v2\/media?parent=1925"}],"curies":[{"name":"wp","href":"https:\/\/api.w.org\/{rel}","templated":true}]}}