{"id":1134,"date":"2024-04-23T14:15:11","date_gmt":"2024-04-23T14:15:11","guid":{"rendered":"https:\/\/relaunch.euroclust.com\/produkte\/ont-kits\/"},"modified":"2024-08-02T15:03:23","modified_gmt":"2024-08-02T15:03:23","slug":"ont-kits","status":"publish","type":"page","link":"https:\/\/relaunch.euroclust.com\/de\/produkte\/ont-kits\/","title":{"rendered":"ONT Kits"},"content":{"rendered":"<p>[et_pb_section fb_built=&#8220;1&#8243; _builder_version=&#8220;4.24.2&#8243; background_image=&#8220;https:\/\/relaunch.euroclust.com\/wp-content\/uploads\/2024\/03\/products.jpg&#8220; background_size=&#8220;stretch&#8220; min_height=&#8220;500px&#8220; custom_padding=&#8220;67px|0px|67.1875px|0px|false|false&#8220; animation_style=&#8220;zoom&#8220; animation_intensity_zoom=&#8220;4%&#8220; global_colors_info=&#8220;{}&#8220;][et_pb_row _builder_version=&#8220;4.24.2&#8243; background_color=&#8220;rgba(255,255,255,0.69)&#8220; background_size=&#8220;initial&#8220; background_position=&#8220;top_left&#8220; background_repeat=&#8220;repeat&#8220; width=&#8220;70%&#8220; max_width=&#8220;580px&#8220; module_alignment=&#8220;left&#8220; height=&#8220;130px&#8220; custom_margin=&#8220;0px|0px|0px|0px|true|true&#8220; custom_padding=&#8220;35px|35px|35px|0px|true|false&#8220; animation_style=&#8220;slide&#8220; animation_direction=&#8220;top&#8220; animation_intensity_slide=&#8220;3%&#8220; border_radii=&#8220;off||50px|50px|&#8220; box_shadow_style=&#8220;preset3&#8243; box_shadow_color=&#8220;rgba(0,0,0,0.7)&#8220; global_colors_info=&#8220;{}&#8220;][et_pb_column type=&#8220;4_4&#8243; _builder_version=&#8220;4.16&#8243; custom_padding=&#8220;|||&#8220; global_colors_info=&#8220;{}&#8220; custom_padding__hover=&#8220;|||&#8220;][et_pb_heading title=&#8220;Produkte&#8220; _builder_version=&#8220;4.24.2&#8243; _module_preset=&#8220;default&#8220; title_font=&#8220;|600||on|||||&#8220; title_text_align=&#8220;right&#8220; title_text_color=&#8220;#313479&#8243; title_font_size=&#8220;50px&#8220; width=&#8220;100%&#8220; custom_margin=&#8220;0px|0px|0px|0px|true|true&#8220; custom_padding=&#8220;0px|0px|0px|0px|true|true&#8220; global_colors_info=&#8220;{}&#8220;][\/et_pb_heading][et_pb_divider show_divider=&#8220;off&#8220; disabled_on=&#8220;on|on|off&#8220; _builder_version=&#8220;4.16&#8243; max_width=&#8220;120px&#8220; animation_style=&#8220;slide&#8220; animation_direction=&#8220;top&#8220; animation_intensity_slide=&#8220;30%&#8220; global_colors_info=&#8220;{}&#8220;][\/et_pb_divider][\/et_pb_column][\/et_pb_row][\/et_pb_section][et_pb_section fb_built=&#8220;1&#8243; _builder_version=&#8220;4.24.2&#8243; _module_preset=&#8220;default&#8220; background_image=&#8220;https:\/\/relaunch.euroclust.com\/wp-content\/uploads\/2024\/03\/Content-BG-slider-2.png&#8220; background_size=&#8220;contain&#8220; background_position=&#8220;top_left&#8220; height=&#8220;190px&#8220; custom_margin=&#8220;-110px|0px|0px|0px|false|true&#8220; custom_margin_tablet=&#8220;-75px||||false|true&#8220; custom_margin_phone=&#8220;-25px||||false|true&#8220; custom_margin_last_edited=&#8220;on|phone&#8220; custom_padding=&#8220;0px|0px|0px|0px|true|true&#8220; global_colors_info=&#8220;{}&#8220;][\/et_pb_section][et_pb_section fb_built=&#8220;1&#8243; _builder_version=&#8220;4.24.2&#8243; _module_preset=&#8220;default&#8220; global_colors_info=&#8220;{}&#8220;][et_pb_row _builder_version=&#8220;4.24.2&#8243; _module_preset=&#8220;default&#8220; border_radii=&#8220;on|20px|20px|20px|20px&#8220; box_shadow_style=&#8220;preset3&#8243; global_colors_info=&#8220;{}&#8220;][et_pb_column type=&#8220;4_4&#8243; _builder_version=&#8220;4.24.2&#8243; _module_preset=&#8220;default&#8220; global_colors_info=&#8220;{}&#8220;][dsm_breadcrumbs align=&#8220;center&#8220; items_bg_color=&#8220;RGBA(255,255,255,0)&#8220; _builder_version=&#8220;4.24.2&#8243; _module_preset=&#8220;default&#8220; items_text_color=&#8220;#313479&#8243; home_icon_text_color=&#8220;#DC4035&#8243; separators_text_color=&#8220;#DC4035&#8243; global_colors_info=&#8220;{}&#8220;][\/dsm_breadcrumbs][\/et_pb_column][\/et_pb_row][\/et_pb_section][et_pb_section fb_built=&#8220;1&#8243; _builder_version=&#8220;4.24.2&#8243; _module_preset=&#8220;default&#8220; custom_padding=&#8220;||70px||false|false&#8220; global_colors_info=&#8220;{}&#8220;][et_pb_row _builder_version=&#8220;4.24.2&#8243; _module_preset=&#8220;default&#8220; global_colors_info=&#8220;{}&#8220;][et_pb_column type=&#8220;4_4&#8243; _builder_version=&#8220;4.24.2&#8243; _module_preset=&#8220;default&#8220; global_colors_info=&#8220;{}&#8220;][et_pb_heading title=&#8220;ONT Kits&#8220; _builder_version=&#8220;4.25.0&#8243; _module_preset=&#8220;default&#8220; title_level=&#8220;h2&#8243; title_font=&#8220;|600||on|||||&#8220; title_text_align=&#8220;center&#8220; title_font_size=&#8220;39px&#8220; global_colors_info=&#8220;{}&#8220;][\/et_pb_heading][et_pb_text _builder_version=&#8220;4.25.0&#8243; _module_preset=&#8220;default&#8220; global_colors_info=&#8220;{}&#8220;]<\/p>\n<p><span>Konfigurieren Sie das Produkt f\u00fcr Ihr FTTH-Projekt. W\u00e4hlen Sie Ihre Wallbox, die Anzahl der Ger\u00e4te, die Adapter, die Kabelkonstruktion und die L\u00e4nge. Auch beidseitige Terminierung m\u00f6glich. Adapter mit Staub- und Laserschutz als Standard. Montageplatte und DIN-Schienenmontage m\u00f6glich. Installationsbereit auch f\u00fcr die Installation durch den Endbenutzer. Robuste Verpackung mit abgestimmtem Ausrollmechanismus. Video-Installationsanleitung. OEM-L\u00f6sung mit individuellem Branding des Produkts und Installationsvideo.<\/span><\/p>\n<p>[\/et_pb_text][\/et_pb_column][\/et_pb_row][\/et_pb_section][et_pb_section fb_built=&#8220;1&#8243; _builder_version=&#8220;4.24.2&#8243; _module_preset=&#8220;default&#8220; background_color=&#8220;#313479&#8243; global_colors_info=&#8220;{}&#8220;][et_pb_row _builder_version=&#8220;4.24.2&#8243; _module_preset=&#8220;default&#8220; global_colors_info=&#8220;{}&#8220;][et_pb_column type=&#8220;4_4&#8243; _builder_version=&#8220;4.24.2&#8243; _module_preset=&#8220;default&#8220; global_colors_info=&#8220;{}&#8220;][et_pb_image src=&#8220;https:\/\/relaunch.euroclust.com\/wp-content\/uploads\/2024\/05\/ONT-Kit-Capture.jpg&#8220; title_text=&#8220;ONT-Kit-Capture&#8220; align=&#8220;center&#8220; _builder_version=&#8220;4.25.0&#8243; _module_preset=&#8220;default&#8220; border_radii=&#8220;on|20px|20px|20px|20px&#8220; global_colors_info=&#8220;{}&#8220;][\/et_pb_image][\/et_pb_column][\/et_pb_row][\/et_pb_section][et_pb_section fb_built=&#8220;1&#8243; _builder_version=&#8220;4.24.2&#8243; _module_preset=&#8220;default&#8220; custom_padding=&#8220;100px||100px||true|false&#8220; custom_css_main_element=&#8220;display: flex;||flex-wrap: wrap;||justify-content: center;&#8220; locked=&#8220;off&#8220; global_colors_info=&#8220;{}&#8220;][et_pb_row column_structure=&#8220;1_2,1_2&#8243; make_equal=&#8220;on&#8220; _builder_version=&#8220;4.25.0&#8243; _module_preset=&#8220;default&#8220; background_color=&#8220;RGBA(255,255,255,0)&#8220; width=&#8220;800px&#8220; width_tablet=&#8220;80%&#8220; width_phone=&#8220;80%&#8220; width_last_edited=&#8220;on|phone&#8220; max_width=&#8220;800px&#8220; custom_margin=&#8220;0px|0px|0px|0px|true|true&#8220; custom_padding=&#8220;0px|0px|0px|0px|true|true&#8220; custom_css_main_element=&#8220;display: flex;||flex-wrap: wrap;||justify-content: center;&#8220; global_colors_info=&#8220;{}&#8220; custom_css_main_element_last_edited=&#8220;on|desktop&#8220; custom_css_main_element_tablet=&#8220;display: flex;||flex-wrap: wrap;||justify-content: center;&#8220; custom_css_main_element_phone=&#8220;display: flex;||flex-wrap: wrap;||justify-content: center;&#8220;][et_pb_column type=&#8220;1_2&#8243; _builder_version=&#8220;4.25.0&#8243; _module_preset=&#8220;default&#8220; global_colors_info=&#8220;{}&#8220;][dsm_card title=&#8220;Video&#8220; image=&#8220;https:\/\/relaunch.euroclust.com\/wp-content\/uploads\/2024\/04\/ontkit-video.png&#8220; image_background_animation=&#8220;zoom_in&#8220; image_alignment=&#8220;center&#8220; content_padding=&#8220;20px|20px|20px|20px|false|false&#8220; button_text=&#8220;view&#8220; button_url=&#8220;https:\/\/www.youtube.com\/watch?v=GoK_B8Ce1-w&#8220; button_url_new_window=&#8220;on&#8220; _builder_version=&#8220;4.25.0&#8243; _module_preset=&#8220;default&#8220; header_text_color=&#8220;#FFFFFF&#8220; header_font_size=&#8220;22px&#8220; background_color=&#8220;#313479&#8243; custom_button=&#8220;on&#8220; button_text_size=&#8220;13px&#8220; button_text_color=&#8220;#FFFFFF&#8220; button_bg_color=&#8220;#DC4035&#8243; button_border_width=&#8220;2px&#8220; button_letter_spacing=&#8220;2px&#8220; button_font=&#8220;|||on|||||&#8220; button_custom_padding=&#8220;10px|25px|10px|25px|true|true&#8220; custom_padding=&#8220;0px|0px|0px|0px|true|true&#8220; border_width_all=&#8220;1px&#8220; border_color_all_image=&#8220;#FFFFFF&#8220; border_width_all_badge=&#8220;0px&#8220; box_shadow_style=&#8220;preset3&#8243; box_shadow_style_image=&#8220;preset6&#8243; global_colors_info=&#8220;{}&#8220; custom_css_main_element_last_edited=&#8220;on|desktop&#8220;][\/dsm_card][\/et_pb_column][et_pb_column type=&#8220;1_2&#8243; _builder_version=&#8220;4.25.0&#8243; _module_preset=&#8220;default&#8220; global_colors_info=&#8220;{}&#8220;][dsm_card title=&#8220;Datenblatt&#8220; image=&#8220;https:\/\/relaunch.euroclust.com\/wp-content\/uploads\/2024\/05\/ont-kit3.png&#8220; image_background_position=&#8220;top&#8220; image_background_animation=&#8220;zoom_in&#8220; image_alignment=&#8220;center&#8220; content_padding=&#8220;20px|20px|20px|20px|false|false&#8220; button_text=&#8220;Download&#8220; button_url=&#8220;@ET-DC@eyJkeW5hbWljIjp0cnVlLCJjb250ZW50IjoicG9zdF9saW5rX3VybF9hdHRhY2htZW50Iiwic2V0dGluZ3MiOnsicG9zdF9pZCI6Ijk4OCIsImVuYWJsZV9odG1sIjoib2ZmIn19@&#8220; button_url_new_window=&#8220;on&#8220; _builder_version=&#8220;4.25.0&#8243; _dynamic_attributes=&#8220;button_url&#8220; _module_preset=&#8220;default&#8220; header_text_color=&#8220;#FFFFFF&#8220; header_font_size=&#8220;22px&#8220; background_color=&#8220;#313479&#8243; custom_button=&#8220;on&#8220; button_text_size=&#8220;13px&#8220; button_text_color=&#8220;#FFFFFF&#8220; button_bg_color=&#8220;#DC4035&#8243; button_border_width=&#8220;2px&#8220; button_letter_spacing=&#8220;2px&#8220; button_font=&#8220;|||on|||||&#8220; button_custom_padding=&#8220;10px|25px|10px|25px|true|true&#8220; custom_padding=&#8220;0px|0px|0px|0px|true|true&#8220; hover_enabled=&#8220;0&#8243; border_width_all=&#8220;1px&#8220; border_color_all_image=&#8220;#FFFFFF&#8220; border_width_all_badge=&#8220;0px&#8220; box_shadow_style=&#8220;preset3&#8243; box_shadow_style_image=&#8220;preset6&#8243; global_colors_info=&#8220;{}&#8220; sticky_enabled=&#8220;0&#8243;][\/dsm_card][\/et_pb_column][\/et_pb_row][\/et_pb_section][et_pb_section fb_built=&#8220;1&#8243; _builder_version=&#8220;4.24.2&#8243; _module_preset=&#8220;default&#8220; custom_margin=&#8220;0px|0px|0px|0px|true|true&#8220; custom_padding=&#8220;0px||80px||false|false&#8220; custom_css_main_element=&#8220;display: flex;||flex-wrap: wrap;||justify-content: center;&#8220; global_colors_info=&#8220;{}&#8220; custom_css_main_element_last_edited=&#8220;on|tablet&#8220; custom_css_main_element_tablet=&#8220;display: flex;||flex-wrap: wrap;||justify-content: center;&#8220; custom_css_main_element_phone=&#8220;display: flex;||flex-wrap: wrap;||justify-content: center;&#8220;][et_pb_row use_custom_gutter=&#8220;on&#8220; gutter_width=&#8220;1&#8243; _builder_version=&#8220;4.24.2&#8243; _module_preset=&#8220;default&#8220; background_image=&#8220;https:\/\/relaunch.euroclust.com\/wp-content\/uploads\/2024\/03\/line-right-top.png&#8220; background_size=&#8220;contain&#8220; background_position=&#8220;top_right&#8220; custom_margin=&#8220;0px|0px|0px|0px|true|true&#8220; custom_padding=&#8220;0px|0px|0px|0px|true|true&#8220; custom_css_main_element=&#8220;width:80%!important;||order: 2;&#8220; global_colors_info=&#8220;{}&#8220; custom_css_main_element_last_edited=&#8220;on|tablet&#8220; custom_css_main_element_tablet=&#8220;width:100%!important;||order: 2;&#8220; custom_css_main_element_phone=&#8220;width:100%!important;||order: 2;&#8220;][et_pb_column type=&#8220;4_4&#8243; _builder_version=&#8220;4.24.2&#8243; _module_preset=&#8220;default&#8220; global_colors_info=&#8220;{}&#8220;][et_pb_divider show_divider=&#8220;off&#8220; _builder_version=&#8220;4.24.2&#8243; _module_preset=&#8220;default&#8220; background_color=&#8220;RGBA(255,255,255,0)&#8220; height=&#8220;150px&#8220; global_colors_info=&#8220;{}&#8220;][\/et_pb_divider][\/et_pb_column][\/et_pb_row][et_pb_row use_custom_gutter=&#8220;on&#8220; gutter_width=&#8220;1&#8243; _builder_version=&#8220;4.24.2&#8243; _module_preset=&#8220;default&#8220; custom_margin=&#8220;0px|0px|0px|0px|true|true&#8220; custom_margin_tablet=&#8220;0px||80px||false|true&#8220; custom_margin_phone=&#8220;0px||80px||false|true&#8220; custom_margin_last_edited=&#8220;on|tablet&#8220; custom_padding=&#8220;83px|0px|0px|0px|false|true&#8220; custom_css_main_element=&#8220;width:20%!important;||order: 1;&#8220; global_colors_info=&#8220;{}&#8220; custom_css_main_element_last_edited=&#8220;on|desktop&#8220; custom_css_main_element_tablet=&#8220;width:100%!important;&#8220; custom_css_main_element_phone=&#8220;width:100%!important;&#8220;][et_pb_column type=&#8220;4_4&#8243; _builder_version=&#8220;4.24.2&#8243; _module_preset=&#8220;default&#8220; global_colors_info=&#8220;{}&#8220;][et_pb_button button_url=&#8220;@ET-DC@eyJkeW5hbWljIjp0cnVlLCJjb250ZW50IjoicG9zdF9saW5rX3VybF9wYWdlIiwic2V0dGluZ3MiOnsicG9zdF9pZCI6IjMxMCIsImVuYWJsZV9odG1sIjoib2ZmIn19@&#8220; button_text=&#8220;zur\u00fcck zu den Produkten&#8220; button_alignment=&#8220;left&#8220; button_alignment_tablet=&#8220;left&#8220; button_alignment_last_edited=&#8220;off|desktop&#8220; _builder_version=&#8220;4.25.0&#8243; _dynamic_attributes=&#8220;button_url&#8220; _module_preset=&#8220;015e926e-70df-4745-bb80-f7c6873c977b&#8220; custom_button=&#8220;on&#8220; button_text_size=&#8220;12px&#8220; button_text_color=&#8220;#ffffff&#8220; button_bg_color=&#8220;gcid-6d35bd36-1710-4d75-95b4-da6c3769e1cb&#8220; button_border_width=&#8220;0px&#8220; button_border_radius=&#8220;0px&#8220; button_letter_spacing=&#8220;3px&#8220; button_font=&#8220;|700||on|||||&#8220; custom_padding=&#8220;15px|30px|15px|30px|true|true&#8220; locked=&#8220;off&#8220; global_colors_info=&#8220;{%22gcid-6d35bd36-1710-4d75-95b4-da6c3769e1cb%22:%91%22button_bg_color%22%93}&#8220;][\/et_pb_button][\/et_pb_column][\/et_pb_row][\/et_pb_section]<\/p>\n","protected":false},"excerpt":{"rendered":"<p><div class=\"et_pb_module dsm_breadcrumbs dsm_breadcrumbs_0\">\n\t\t\t\t\n\t\t\t\t\n\t\t\t\t\n\t\t\t\t\n\t\t\t\t\n\t\t\t\t\n\t\t\t\t<div class=\"et_pb_module_inner\">\n\t\t\t\t\t<nav class=\"dsm_breadcrumbs_wrap\" role=\"navigation\" itemscope=\"\" itemtype=\"http:\/\/schema.org\/SiteNavigationElement\">\n\t\t\t\t<ul class=\"dsm_breadcrumbs\">\t\t\t<li class='dsm_breadcrumbs_item dsm_home_item dsm_home_item_custom'>\n\t\t\t\t<a href=\"https:\/\/relaunch.euroclust.com\/de\/\" itemprop=\"url\" target=\"\">\n\t\t\t\t\t<span class='dsm_home_text_wrapper'>\n\t\t\t\t\t\t\t\t\t\t\t\t\t<span class=\"et-pb-icon dsm_home_icon\">\ue009<\/span>\n\t\t\t\t\t\t\t\t\t\t\t\t\t<span class=\"dsm_home_text\" itemprop=\"name\">\n\t\t\t\t\t\t\t\tHome\t\t\t\t\t\t\t<\/span>\n\t\t\t\t\t<\/span>\n\t\t\t\t<\/a>\n\t\t\t<\/li>\n\n\t\t<li class=\"dsm_breadcrumbs_separator\"> <span class=\"et-pb-icon dsm_separator_icon\">5<\/span><\/li><\/ul>\n\t\t\t<\/nav>\n\t\t\t\t<\/div>\n\t\t\t<\/div>Konfigurieren Sie das Produkt f\u00fcr Ihr FTTH-Projekt. W\u00e4hlen Sie Ihre Wallbox, die Anzahl der Ger\u00e4te, die Adapter, die Kabelkonstruktion und die L\u00e4nge. Auch beidseitige Terminierung m\u00f6glich. Adapter mit Staub- und Laserschutz als Standard. Montageplatte und DIN-Schienenmontage m\u00f6glich. Installationsbereit auch f\u00fcr die Installation durch den Endbenutzer. Robuste Verpackung mit abgestimmtem Ausrollmechanismus. Video-Installationsanleitung. OEM-L\u00f6sung mit individuellem Branding des Produkts und Installationsvideo.<div class=\"et_pb_with_border et_pb_module dsm_card dsm_card_0 et_pb_bg_layout_light dsm_card_image_animation dsm_card_image_animation_zoom_in dsm_card_layout_stacked \">\n\t\t\t\t\n\t\t\t\t\n\t\t\t\t\n\t\t\t\t\n\t\t\t\t\n\t\t\t\t\n\t\t\t\t<div class=\"et_pb_module_inner\">\n\t\t\t\t\t\n\t\t\t\n\t\t\t<figure class=\"dsm_card_image_wrapper dsm_card_badge_top_right\"><div class=\"dsm_card_image_background dsm_card_img\"><\/div><\/figure>\n\t\t\t<div class=\"et_pb_module dsm_card_wrapper et_pb_text_align_left\">\n\t\t\t\t\t\n\t\t\t\t\t<h4 class=\"dsm_card_title et_pb_module_header\">Video<\/h4>\n\t\t\t\t\t\n\t\t\t\t\t\n\t\t\t\t\t<div class=\"et_pb_button_wrapper\"><a class=\"et_pb_button et_pb_more_button \" href=\"https:\/\/www.youtube.com\/watch?v=GoK_B8Ce1-w\" target=\"_blank\">view<\/a><\/div>\n\t\t\t\t<\/div>\n\t\t\t\n\t\t\t\t<\/div>\n\t\t\t<\/div><div class=\"et_pb_with_border et_pb_module dsm_card dsm_card_1 et_pb_bg_layout_light dsm_card_image_animation dsm_card_image_animation_zoom_in dsm_card_layout_stacked \">\n\t\t\t\t\n\t\t\t\t\n\t\t\t\t\n\t\t\t\t\n\t\t\t\t\n\t\t\t\t\n\t\t\t\t<div class=\"et_pb_module_inner\">\n\t\t\t\t\t\n\t\t\t\n\t\t\t<figure class=\"dsm_card_image_wrapper dsm_card_badge_top_right\"><div class=\"dsm_card_image_background dsm_card_img\"><\/div><\/figure>\n\t\t\t<div class=\"et_pb_module dsm_card_wrapper et_pb_text_align_left\">\n\t\t\t\t\t\n\t\t\t\t\t<h4 class=\"dsm_card_title et_pb_module_header\">Datenblatt<\/h4>\n\t\t\t\t\t\n\t\t\t\t\t\n\t\t\t\t\t<div class=\"et_pb_button_wrapper\"><a class=\"et_pb_button et_pb_more_button \" href=\"\" target=\"_blank\">Download<\/a><\/div>\n\t\t\t\t<\/div>\n\t\t\t\n\t\t\t\t<\/div>\n\t\t\t<\/div><\/p>\n","protected":false},"author":1,"featured_media":0,"parent":1116,"menu_order":0,"comment_status":"closed","ping_status":"closed","template":"","meta":{"_et_pb_use_builder":"on","_et_pb_old_content":"","_et_gb_content_width":"","inline_featured_image":false,"footnotes":""},"class_list":["post-1134","page","type-page","status-publish","hentry"],"yoast_head":"<!-- This site is optimized with the Yoast SEO plugin v27.3 - https:\/\/yoast.com\/product\/yoast-seo-wordpress\/ -->\n<title>ONT Kits - Euroclust<\/title>\n<meta name=\"robots\" content=\"index, follow, max-snippet:-1, max-image-preview:large, max-video-preview:-1\" \/>\n<link rel=\"canonical\" href=\"https:\/\/relaunch.euroclust.com\/de\/produkte\/ont-kits\/\" \/>\n<meta property=\"og:locale\" content=\"de_DE\" \/>\n<meta property=\"og:type\" content=\"article\" \/>\n<meta property=\"og:title\" content=\"ONT Kits - Euroclust\" \/>\n<meta property=\"og:description\" content=\"Konfigurieren Sie das Produkt f\u00fcr Ihr FTTH-Projekt. W\u00e4hlen Sie Ihre Wallbox, die Anzahl der Ger\u00e4te, die Adapter, die Kabelkonstruktion und die L\u00e4nge. Auch beidseitige Terminierung m\u00f6glich. Adapter mit Staub- und Laserschutz als Standard. Montageplatte und DIN-Schienenmontage m\u00f6glich. Installationsbereit auch f\u00fcr die Installation durch den Endbenutzer. Robuste Verpackung mit abgestimmtem Ausrollmechanismus. Video-Installationsanleitung. OEM-L\u00f6sung mit individuellem Branding des Produkts und Installationsvideo.\" \/>\n<meta property=\"og:url\" content=\"https:\/\/relaunch.euroclust.com\/de\/produkte\/ont-kits\/\" \/>\n<meta property=\"og:site_name\" content=\"Euroclust\" \/>\n<meta property=\"article:modified_time\" content=\"2024-08-02T15:03:23+00:00\" \/>\n<meta name=\"twitter:card\" content=\"summary_large_image\" \/>\n<meta name=\"twitter:label1\" content=\"Gesch\u00e4tzte Lesezeit\" \/>\n\t<meta name=\"twitter:data1\" content=\"7\u00a0Minuten\" \/>\n<script type=\"application\/ld+json\" class=\"yoast-schema-graph\">{\"@context\":\"https:\\\/\\\/schema.org\",\"@graph\":[{\"@type\":\"WebPage\",\"@id\":\"https:\\\/\\\/relaunch.euroclust.com\\\/de\\\/produkte\\\/ont-kits\\\/\",\"url\":\"https:\\\/\\\/relaunch.euroclust.com\\\/de\\\/produkte\\\/ont-kits\\\/\",\"name\":\"ONT Kits - Euroclust\",\"isPartOf\":{\"@id\":\"https:\\\/\\\/relaunch.euroclust.com\\\/de\\\/#website\"},\"datePublished\":\"2024-04-23T14:15:11+00:00\",\"dateModified\":\"2024-08-02T15:03:23+00:00\",\"breadcrumb\":{\"@id\":\"https:\\\/\\\/relaunch.euroclust.com\\\/de\\\/produkte\\\/ont-kits\\\/#breadcrumb\"},\"inLanguage\":\"de\",\"potentialAction\":[{\"@type\":\"ReadAction\",\"target\":[\"https:\\\/\\\/relaunch.euroclust.com\\\/de\\\/produkte\\\/ont-kits\\\/\"]}]},{\"@type\":\"BreadcrumbList\",\"@id\":\"https:\\\/\\\/relaunch.euroclust.com\\\/de\\\/produkte\\\/ont-kits\\\/#breadcrumb\",\"itemListElement\":[{\"@type\":\"ListItem\",\"position\":1,\"name\":\"Startseite\",\"item\":\"https:\\\/\\\/relaunch.euroclust.com\\\/de\\\/euroclust-startseite\\\/\"},{\"@type\":\"ListItem\",\"position\":2,\"name\":\"Produkte\",\"item\":\"https:\\\/\\\/relaunch.euroclust.com\\\/de\\\/products\\\/\"},{\"@type\":\"ListItem\",\"position\":3,\"name\":\"ONT Kits\"}]},{\"@type\":\"WebSite\",\"@id\":\"https:\\\/\\\/relaunch.euroclust.com\\\/de\\\/#website\",\"url\":\"https:\\\/\\\/relaunch.euroclust.com\\\/de\\\/\",\"name\":\"Euroclust\",\"description\":\"Euroclust-Relaunch\",\"potentialAction\":[{\"@type\":\"SearchAction\",\"target\":{\"@type\":\"EntryPoint\",\"urlTemplate\":\"https:\\\/\\\/relaunch.euroclust.com\\\/de\\\/?s={search_term_string}\"},\"query-input\":{\"@type\":\"PropertyValueSpecification\",\"valueRequired\":true,\"valueName\":\"search_term_string\"}}],\"inLanguage\":\"de\"}]}<\/script>\n<!-- \/ Yoast SEO plugin. -->","yoast_head_json":{"title":"ONT Kits - Euroclust","robots":{"index":"index","follow":"follow","max-snippet":"max-snippet:-1","max-image-preview":"max-image-preview:large","max-video-preview":"max-video-preview:-1"},"canonical":"https:\/\/relaunch.euroclust.com\/de\/produkte\/ont-kits\/","og_locale":"de_DE","og_type":"article","og_title":"ONT Kits - Euroclust","og_description":"Konfigurieren Sie das Produkt f\u00fcr Ihr FTTH-Projekt. W\u00e4hlen Sie Ihre Wallbox, die Anzahl der Ger\u00e4te, die Adapter, die Kabelkonstruktion und die L\u00e4nge. Auch beidseitige Terminierung m\u00f6glich. Adapter mit Staub- und Laserschutz als Standard. Montageplatte und DIN-Schienenmontage m\u00f6glich. Installationsbereit auch f\u00fcr die Installation durch den Endbenutzer. Robuste Verpackung mit abgestimmtem Ausrollmechanismus. Video-Installationsanleitung. OEM-L\u00f6sung mit individuellem Branding des Produkts und Installationsvideo.","og_url":"https:\/\/relaunch.euroclust.com\/de\/produkte\/ont-kits\/","og_site_name":"Euroclust","article_modified_time":"2024-08-02T15:03:23+00:00","twitter_card":"summary_large_image","twitter_misc":{"Gesch\u00e4tzte Lesezeit":"7\u00a0Minuten"},"schema":{"@context":"https:\/\/schema.org","@graph":[{"@type":"WebPage","@id":"https:\/\/relaunch.euroclust.com\/de\/produkte\/ont-kits\/","url":"https:\/\/relaunch.euroclust.com\/de\/produkte\/ont-kits\/","name":"ONT Kits - Euroclust","isPartOf":{"@id":"https:\/\/relaunch.euroclust.com\/de\/#website"},"datePublished":"2024-04-23T14:15:11+00:00","dateModified":"2024-08-02T15:03:23+00:00","breadcrumb":{"@id":"https:\/\/relaunch.euroclust.com\/de\/produkte\/ont-kits\/#breadcrumb"},"inLanguage":"de","potentialAction":[{"@type":"ReadAction","target":["https:\/\/relaunch.euroclust.com\/de\/produkte\/ont-kits\/"]}]},{"@type":"BreadcrumbList","@id":"https:\/\/relaunch.euroclust.com\/de\/produkte\/ont-kits\/#breadcrumb","itemListElement":[{"@type":"ListItem","position":1,"name":"Startseite","item":"https:\/\/relaunch.euroclust.com\/de\/euroclust-startseite\/"},{"@type":"ListItem","position":2,"name":"Produkte","item":"https:\/\/relaunch.euroclust.com\/de\/products\/"},{"@type":"ListItem","position":3,"name":"ONT Kits"}]},{"@type":"WebSite","@id":"https:\/\/relaunch.euroclust.com\/de\/#website","url":"https:\/\/relaunch.euroclust.com\/de\/","name":"Euroclust","description":"Euroclust-Relaunch","potentialAction":[{"@type":"SearchAction","target":{"@type":"EntryPoint","urlTemplate":"https:\/\/relaunch.euroclust.com\/de\/?s={search_term_string}"},"query-input":{"@type":"PropertyValueSpecification","valueRequired":true,"valueName":"search_term_string"}}],"inLanguage":"de"}]}},"_links":{"self":[{"href":"https:\/\/relaunch.euroclust.com\/de\/wp-json\/wp\/v2\/pages\/1134","targetHints":{"allow":["GET"]}}],"collection":[{"href":"https:\/\/relaunch.euroclust.com\/de\/wp-json\/wp\/v2\/pages"}],"about":[{"href":"https:\/\/relaunch.euroclust.com\/de\/wp-json\/wp\/v2\/types\/page"}],"author":[{"embeddable":true,"href":"https:\/\/relaunch.euroclust.com\/de\/wp-json\/wp\/v2\/users\/1"}],"replies":[{"embeddable":true,"href":"https:\/\/relaunch.euroclust.com\/de\/wp-json\/wp\/v2\/comments?post=1134"}],"version-history":[{"count":7,"href":"https:\/\/relaunch.euroclust.com\/de\/wp-json\/wp\/v2\/pages\/1134\/revisions"}],"predecessor-version":[{"id":1373,"href":"https:\/\/relaunch.euroclust.com\/de\/wp-json\/wp\/v2\/pages\/1134\/revisions\/1373"}],"up":[{"embeddable":true,"href":"https:\/\/relaunch.euroclust.com\/de\/wp-json\/wp\/v2\/pages\/1116"}],"wp:attachment":[{"href":"https:\/\/relaunch.euroclust.com\/de\/wp-json\/wp\/v2\/media?parent=1134"}],"curies":[{"name":"wp","href":"https:\/\/api.w.org\/{rel}","templated":true}]}}